{"id":16189,"date":"2023-06-24T09:07:24","date_gmt":"2023-06-24T09:07:24","guid":{"rendered":"https:\/\/ycdcardgame.com\/?post_type=product&#038;p=16189"},"modified":"2026-01-25T02:25:20","modified_gmt":"2026-01-25T02:25:20","slug":"goi-the-bai-yugioh-chinh-hang-legend-of-blue-eyes-white-dragon","status":"publish","type":"product","link":"https:\/\/ycdcardgame.com\/index.php\/san-pham\/goi-the-bai-yugioh-chinh-hang-legend-of-blue-eyes-white-dragon\/","title":{"rendered":"Mega pack 2022 Tin of the Pharaoh\u2019s Gods"},"content":{"rendered":"<p>G\u00f3i (Pack) Th\u1ebb b\u00e0i Yugioh Ch\u00ednh H\u00e3ng Mega pack 2022 Tin of the Pharaoh\u2019s Gods<\/p>\n<p>1 Pack ch\u1ee9a 18 l\u00e1 b\u00e0i<\/p>\n<p>-1 Prismatic Secret Rare<\/p>\n<p>-2 Ultra Rare<\/p>\n<p>-2 Super Rare,<\/p>\n<p>-1 Rare<\/p>\n<p>-12 Common<\/p>\n<p>H\u00e0ng ch\u00ednh h\u00e3ng Konami<\/p>\n<p>Xu\u1ea5t x\u1ee9 :USA (TCG)<\/p>\n<p>Card shop b\u00e1n ra \u0111\u1ec1u l\u00e0 h\u00e0ng nh\u1eadp kh\u1ea9u ch\u00ednh h\u00e3ng t\u1eeb n\u01b0\u1edbc ngo\u00e0i.<\/p>\n<p>Card \u0111\u01b0\u1ee3c ki\u1ec3m tra k\u1ef9 c\u00e0ng v\u00e0 \u0111\u00f3ng g\u00f3i c\u1ea9n th\u1eadn tr\u01b0\u1edbc khi giao \u0111\u1ebfn kh\u00e1ch h\u00e0ng.<\/p>\n","protected":false},"excerpt":{"rendered":"<p>G\u00f3i (Pack) Th\u1ebb b\u00e0i Yugioh Ch\u00ednh H\u00e3ng Mega pack 2022 Tin of the Pharaoh\u2019s Gods 1 Pack ch\u1ee9a 18 l\u00e1<\/p>\n","protected":false},"featured_media":16273,"comment_status":"open","ping_status":"closed","template":"","meta":[],"product_brand":[],"product_cat":[130,75,89],"product_tag":[118,117,119],"class_list":{"0":"post-16189","1":"product","2":"type-product","3":"status-publish","4":"has-post-thumbnail","6":"product_cat-1st-edition","7":"product_cat-box-pack-phu-kien","8":"product_cat-pack","9":"product_tag-goi","10":"product_tag-pack","11":"product_tag-tui","13":"first","14":"instock","15":"sale","16":"shipping-taxable","17":"purchasable","18":"product-type-simple"},"_links":{"self":[{"href":"https:\/\/ycdcardgame.com\/index.php\/wp-json\/wp\/v2\/product\/16189","targetHints":{"allow":["GET"]}}],"collection":[{"href":"https:\/\/ycdcardgame.com\/index.php\/wp-json\/wp\/v2\/product"}],"about":[{"href":"https:\/\/ycdcardgame.com\/index.php\/wp-json\/wp\/v2\/types\/product"}],"replies":[{"embeddable":true,"href":"https:\/\/ycdcardgame.com\/index.php\/wp-json\/wp\/v2\/comments?post=16189"}],"version-history":[{"count":4,"href":"https:\/\/ycdcardgame.com\/index.php\/wp-json\/wp\/v2\/product\/16189\/revisions"}],"predecessor-version":[{"id":16274,"href":"https:\/\/ycdcardgame.com\/index.php\/wp-json\/wp\/v2\/product\/16189\/revisions\/16274"}],"wp:featuredmedia":[{"embeddable":true,"href":"https:\/\/ycdcardgame.com\/index.php\/wp-json\/wp\/v2\/media\/16273"}],"wp:attachment":[{"href":"https:\/\/ycdcardgame.com\/index.php\/wp-json\/wp\/v2\/media?parent=16189"}],"wp:term":[{"taxonomy":"product_brand","embeddable":true,"href":"https:\/\/ycdcardgame.com\/index.php\/wp-json\/wp\/v2\/product_brand?post=16189"},{"taxonomy":"product_cat","embeddable":true,"href":"https:\/\/ycdcardgame.com\/index.php\/wp-json\/wp\/v2\/product_cat?post=16189"},{"taxonomy":"product_tag","embeddable":true,"href":"https:\/\/ycdcardgame.com\/index.php\/wp-json\/wp\/v2\/product_tag?post=16189"}],"curies":[{"name":"wp","href":"https:\/\/api.w.org\/{rel}","templated":true}]}}