{"id":16198,"date":"2023-06-24T09:17:47","date_gmt":"2023-06-24T09:17:47","guid":{"rendered":"https:\/\/ycdcardgame.com\/?post_type=product&#038;p=16198"},"modified":"2026-01-25T02:25:35","modified_gmt":"2026-01-25T02:25:35","slug":"pack-the-bai-yugioh-chinh-hang-pharaons-servant","status":"publish","type":"product","link":"https:\/\/ycdcardgame.com\/index.php\/san-pham\/pack-the-bai-yugioh-chinh-hang-pharaons-servant\/","title":{"rendered":"Pack 25th Anniversary Rarity Coillection II"},"content":{"rendered":"<p>G\u00f3i (Pack) Th\u1ebb b\u00e0i Yugioh Ch\u00ednh H\u00e3ng<\/p>\n<p>25th Anniversary Rarity Coillection II Pack<\/p>\n<p>\u0110\u00e2y l\u00e0 Pack thu\u1ed9c h\u1ed9p b\u00e0i 25th Anniversary Rarity Coillection II &#8211; L\u00e0 1 trong nh\u1eefng h\u1ed9p b\u00e0i k\u1ef7 ni\u1ec7m 25 n\u0103m \u0111\u01b0\u1ee3c in v\u1edbi t\u1ea5t c\u1ea3 th\u1ebb b\u00e0i \u0111\u1ec1u c\u00f3 Rarity cao (Fuil Foil) v\u00e0 xu\u1ea5t hi\u1ec7n r\u1ea5t nhi\u1ec1u l\u00e1 b\u00e0i hot nh\u01b0 : nh\u01b0\u00a0Droll &amp; Lock Bird\u00a0,\u00a0Ghost Ogre &amp; Snow Rabbit, I:P Masquerena , Apollousa Bow of the Goddess &#8230;<\/p>\n<p>M\u1ed7i g\u00f3i (Pack) s\u1ebd ch\u1ee9a 9 Card ng\u1eabu nhi\u00ean :<\/p>\n<p>&#8211; 2 Secret Rare ( Ng\u1eabu nhi\u00ean c\u00f3 th\u1ec3 xu\u1ea5t hi\u1ec7n Platinum Secret Rare ho\u1eb7c Quarter Century Secret Rare)<\/p>\n<p>&#8211; 4 Ultra Rare ( Ng\u1eabu nhi\u00ean c\u00f3 th\u1ec3 xu\u1ea5t hi\u1ec7n Prismatic Ultimate Rare ho\u1eb7c Collector Rare)<\/p>\n<p>&#8211; 3 Super Rare<\/p>\n<p>H\u00e0ng ch\u00ednh h\u00e3ng Konami<\/p>\n<p>Xu\u1ea5t x\u1ee9 :USA (TCG)<\/p>\n<p>Card shop b\u00e1n ra \u0111\u1ec1u l\u00e0 h\u00e0ng nh\u1eadp kh\u1ea9u ch\u00ednh h\u00e3ng t\u1eeb n\u01b0\u1edbc ngo\u00e0i.<\/p>\n<p>Card \u0111\u01b0\u1ee3c ki\u1ec3m tra k\u1ef9 c\u00e0ng v\u00e0 \u0111\u00f3ng g\u00f3i c\u1ea9n th\u1eadn tr\u01b0\u1edbc khi giao \u0111\u1ebfn kh\u00e1ch h\u00e0ng.<\/p>\n","protected":false},"excerpt":{"rendered":"<p>G\u00f3i (Pack) Th\u1ebb b\u00e0i Yugioh Ch\u00ednh H\u00e3ng 25th Anniversary Rarity Coillection II Pack \u0110\u00e2y l\u00e0 Pack thu\u1ed9c h\u1ed9p b\u00e0i 25th<\/p>\n","protected":false},"featured_media":16266,"comment_status":"open","ping_status":"closed","template":"","meta":[],"product_brand":[],"product_cat":[130,75,89],"product_tag":[118,117,119],"class_list":{"0":"post-16198","1":"product","2":"type-product","3":"status-publish","4":"has-post-thumbnail","6":"product_cat-1st-edition","7":"product_cat-box-pack-phu-kien","8":"product_cat-pack","9":"product_tag-goi","10":"product_tag-pack","11":"product_tag-tui","13":"first","14":"instock","15":"sale","16":"shipping-taxable","17":"purchasable","18":"product-type-simple"},"_links":{"self":[{"href":"https:\/\/ycdcardgame.com\/index.php\/wp-json\/wp\/v2\/product\/16198","targetHints":{"allow":["GET"]}}],"collection":[{"href":"https:\/\/ycdcardgame.com\/index.php\/wp-json\/wp\/v2\/product"}],"about":[{"href":"https:\/\/ycdcardgame.com\/index.php\/wp-json\/wp\/v2\/types\/product"}],"replies":[{"embeddable":true,"href":"https:\/\/ycdcardgame.com\/index.php\/wp-json\/wp\/v2\/comments?post=16198"}],"version-history":[{"count":3,"href":"https:\/\/ycdcardgame.com\/index.php\/wp-json\/wp\/v2\/product\/16198\/revisions"}],"predecessor-version":[{"id":16268,"href":"https:\/\/ycdcardgame.com\/index.php\/wp-json\/wp\/v2\/product\/16198\/revisions\/16268"}],"wp:featuredmedia":[{"embeddable":true,"href":"https:\/\/ycdcardgame.com\/index.php\/wp-json\/wp\/v2\/media\/16266"}],"wp:attachment":[{"href":"https:\/\/ycdcardgame.com\/index.php\/wp-json\/wp\/v2\/media?parent=16198"}],"wp:term":[{"taxonomy":"product_brand","embeddable":true,"href":"https:\/\/ycdcardgame.com\/index.php\/wp-json\/wp\/v2\/product_brand?post=16198"},{"taxonomy":"product_cat","embeddable":true,"href":"https:\/\/ycdcardgame.com\/index.php\/wp-json\/wp\/v2\/product_cat?post=16198"},{"taxonomy":"product_tag","embeddable":true,"href":"https:\/\/ycdcardgame.com\/index.php\/wp-json\/wp\/v2\/product_tag?post=16198"}],"curies":[{"name":"wp","href":"https:\/\/api.w.org\/{rel}","templated":true}]}}