{"id":16636,"date":"2026-01-23T13:21:30","date_gmt":"2026-01-23T13:21:30","guid":{"rendered":"https:\/\/ycdcardgame.com\/?post_type=product&#038;p=16636"},"modified":"2026-01-25T02:54:33","modified_gmt":"2026-01-25T02:54:33","slug":"polymerization-common","status":"publish","type":"product","link":"https:\/\/ycdcardgame.com\/index.php\/san-pham\/polymerization-common\/","title":{"rendered":"Polymerization &#8211; Common"},"content":{"rendered":"<p>Polymerization<\/p>\n<p>&nbsp;<\/p>\n<p>Code: YGLD-ENB30<\/p>\n<p>Type: Spell<\/p>\n<p>Rarity: Common<\/p>\n<p>Ch\u00ednh h\u00e3ng Konami<\/p>\n<p>Xu\u1ea5t x\u1ee9 :USA( TCG)<\/p>\n<p>T\u1eb7ng k\u00e8m sleeve b\u1ea3o v\u1ec7 card<\/p>\n<p>Card shop b\u00e1n ra \u0111\u1ec1u l\u00e0 h\u00e0ng nh\u1eadp kh\u1ea9u ch\u00ednh h\u00e3ng t\u1eeb n\u01b0\u1edbc ngo\u00e0i.<\/p>\n<p>Card \u0111\u01b0\u1ee3c ki\u1ec3m tra k\u1ef9 c\u00e0ng v\u00e0 \u0111\u00f3ng g\u00f3i c\u1ea9n th\u1eadn tr\u01b0\u1edbc khi giao \u0111\u1ebfn kh\u00e1ch h\u00e0ng.<\/p>\n","protected":false},"excerpt":{"rendered":"<p>Polymerization &nbsp; Code: YGLD-ENB30 Type: Spell Rarity: Common Ch\u00ednh h\u00e3ng Konami Xu\u1ea5t x\u1ee9 :USA( TCG) T\u1eb7ng k\u00e8m sleeve b\u1ea3o v\u1ec7<\/p>\n","protected":false},"featured_media":16624,"comment_status":"open","ping_status":"closed","template":"","meta":[],"product_brand":[],"product_cat":[102,83,131],"product_tag":[],"class_list":{"0":"post-16636","1":"product","2":"type-product","3":"status-publish","4":"has-post-thumbnail","6":"product_cat-common","7":"product_cat-spell-card","8":"product_cat-unlimited-edition","10":"first","11":"instock","12":"sale","13":"shipping-taxable","14":"purchasable","15":"product-type-simple"},"_links":{"self":[{"href":"https:\/\/ycdcardgame.com\/index.php\/wp-json\/wp\/v2\/product\/16636","targetHints":{"allow":["GET"]}}],"collection":[{"href":"https:\/\/ycdcardgame.com\/index.php\/wp-json\/wp\/v2\/product"}],"about":[{"href":"https:\/\/ycdcardgame.com\/index.php\/wp-json\/wp\/v2\/types\/product"}],"replies":[{"embeddable":true,"href":"https:\/\/ycdcardgame.com\/index.php\/wp-json\/wp\/v2\/comments?post=16636"}],"version-history":[{"count":1,"href":"https:\/\/ycdcardgame.com\/index.php\/wp-json\/wp\/v2\/product\/16636\/revisions"}],"predecessor-version":[{"id":16637,"href":"https:\/\/ycdcardgame.com\/index.php\/wp-json\/wp\/v2\/product\/16636\/revisions\/16637"}],"wp:featuredmedia":[{"embeddable":true,"href":"https:\/\/ycdcardgame.com\/index.php\/wp-json\/wp\/v2\/media\/16624"}],"wp:attachment":[{"href":"https:\/\/ycdcardgame.com\/index.php\/wp-json\/wp\/v2\/media?parent=16636"}],"wp:term":[{"taxonomy":"product_brand","embeddable":true,"href":"https:\/\/ycdcardgame.com\/index.php\/wp-json\/wp\/v2\/product_brand?post=16636"},{"taxonomy":"product_cat","embeddable":true,"href":"https:\/\/ycdcardgame.com\/index.php\/wp-json\/wp\/v2\/product_cat?post=16636"},{"taxonomy":"product_tag","embeddable":true,"href":"https:\/\/ycdcardgame.com\/index.php\/wp-json\/wp\/v2\/product_tag?post=16636"}],"curies":[{"name":"wp","href":"https:\/\/api.w.org\/{rel}","templated":true}]}}