{"id":16764,"date":"2026-01-29T13:07:19","date_gmt":"2026-01-29T13:07:19","guid":{"rendered":"https:\/\/ycdcardgame.com\/?post_type=product&#038;p=16764"},"modified":"2026-01-29T13:07:19","modified_gmt":"2026-01-29T13:07:19","slug":"dark-magician-the-dragon-knight-ultra-rare","status":"publish","type":"product","link":"https:\/\/ycdcardgame.com\/index.php\/san-pham\/dark-magician-the-dragon-knight-ultra-rare\/","title":{"rendered":"Dark Magician the Dragon Knight \u2013 Ultra Rare"},"content":{"rendered":"<p>&nbsp;<\/p>\n<p>Dark Magician the Dragon Knight<\/p>\n<p>&nbsp;<\/p>\n<p>M\u00e3 th\u1ebb b\u00e0i: GFP2-EN125<\/p>\n<p>Lo\u1ea1i th\u1ebb b\u00e0i: Fusion Monster<\/p>\n<p>Rarity: Ultra Rare<\/p>\n<p>&nbsp;<\/p>\n<p>H\u00e0ng Ch\u00ednh h\u00e3ng Konami<\/p>\n<p>Xu\u1ea5t x\u1ee9 : USA (TCG)<\/p>\n<p>&nbsp;<\/p>\n<p>Card shop b\u00e1n ra \u0111\u1ec1u l\u00e0 h\u00e0ng nh\u1eadp kh\u1ea9u ch\u00ednh h\u00e3ng t\u1eeb n\u01b0\u1edbc ngo\u00e0i.<\/p>\n<p>Card \u0111\u01b0\u1ee3c ki\u1ec3m tra k\u1ef9 c\u00e0ng v\u00e0 \u0111\u00f3ng g\u00f3i c\u1ea9n th\u1eadn tr\u01b0\u1edbc khi giao \u0111\u1ebfn kh\u00e1ch h\u00e0ng.<\/p>\n","protected":false},"excerpt":{"rendered":"<p>&nbsp; Dark Magician the Dragon Knight &nbsp; M\u00e3 th\u1ebb b\u00e0i: GFP2-EN125 Lo\u1ea1i th\u1ebb b\u00e0i: Fusion Monster Rarity: Ultra Rare &nbsp;<\/p>\n","protected":false},"featured_media":16743,"comment_status":"open","ping_status":"closed","template":"","meta":[],"product_brand":[],"product_cat":[130,78,99],"product_tag":[],"class_list":{"0":"post-16764","1":"product","2":"type-product","3":"status-publish","4":"has-post-thumbnail","6":"product_cat-1st-edition","7":"product_cat-fusion-monster","8":"product_cat-ultra-rare","10":"first","11":"instock","12":"sale","13":"shipping-taxable","14":"purchasable","15":"product-type-simple"},"_links":{"self":[{"href":"https:\/\/ycdcardgame.com\/index.php\/wp-json\/wp\/v2\/product\/16764","targetHints":{"allow":["GET"]}}],"collection":[{"href":"https:\/\/ycdcardgame.com\/index.php\/wp-json\/wp\/v2\/product"}],"about":[{"href":"https:\/\/ycdcardgame.com\/index.php\/wp-json\/wp\/v2\/types\/product"}],"replies":[{"embeddable":true,"href":"https:\/\/ycdcardgame.com\/index.php\/wp-json\/wp\/v2\/comments?post=16764"}],"version-history":[{"count":1,"href":"https:\/\/ycdcardgame.com\/index.php\/wp-json\/wp\/v2\/product\/16764\/revisions"}],"predecessor-version":[{"id":16765,"href":"https:\/\/ycdcardgame.com\/index.php\/wp-json\/wp\/v2\/product\/16764\/revisions\/16765"}],"wp:featuredmedia":[{"embeddable":true,"href":"https:\/\/ycdcardgame.com\/index.php\/wp-json\/wp\/v2\/media\/16743"}],"wp:attachment":[{"href":"https:\/\/ycdcardgame.com\/index.php\/wp-json\/wp\/v2\/media?parent=16764"}],"wp:term":[{"taxonomy":"product_brand","embeddable":true,"href":"https:\/\/ycdcardgame.com\/index.php\/wp-json\/wp\/v2\/product_brand?post=16764"},{"taxonomy":"product_cat","embeddable":true,"href":"https:\/\/ycdcardgame.com\/index.php\/wp-json\/wp\/v2\/product_cat?post=16764"},{"taxonomy":"product_tag","embeddable":true,"href":"https:\/\/ycdcardgame.com\/index.php\/wp-json\/wp\/v2\/product_tag?post=16764"}],"curies":[{"name":"wp","href":"https:\/\/api.w.org\/{rel}","templated":true}]}}