{"id":16941,"date":"2026-01-30T13:34:40","date_gmt":"2026-01-30T13:34:40","guid":{"rendered":"https:\/\/ycdcardgame.com\/?post_type=product&#038;p=16941"},"modified":"2026-01-30T13:34:41","modified_gmt":"2026-01-30T13:34:41","slug":"set-jqk-rare","status":"publish","type":"product","link":"https:\/\/ycdcardgame.com\/index.php\/san-pham\/set-jqk-rare\/","title":{"rendered":"Set JQK  &#8211; Rare"},"content":{"rendered":"<p>Jack\u2019s Knight (KICO-EN028)<\/p>\n<p>Queen\u2019s Knight (KICO-EN026)<\/p>\n<p>King\u2019s Knight (KICO-EN027)<\/p>\n<p>&nbsp;<\/p>\n<p>Rarity: Rare<\/p>\n<p>Type: Effect\u00a0 &amp; Normal Monster<\/p>\n<p>&nbsp;<\/p>\n<p>H\u00e0ng Ch\u00ednh h\u00e3ng Konami<\/p>\n<p>Xu\u1ea5t x\u1ee9 :USA( TCG)<\/p>\n<p>&nbsp;<\/p>\n<p>T\u1eb7ng k\u00e8m sleeve b\u1ea3o v\u1ec7 card Card shop b\u00e1n ra \u0111\u1ec1u l\u00e0 h\u00e0ng nh\u1eadp kh\u1ea9u ch\u00ednh h\u00e3ng t\u1eeb n\u01b0\u1edbc ngo\u00e0i.<\/p>\n<p>Card \u0111\u01b0\u1ee3c ki\u1ec3m tra k\u1ef9 c\u00e0ng v\u00e0 \u0111\u00f3ng g\u00f3i c\u1ea9n th\u1eadn tr\u01b0\u1edbc khi giao \u0111\u1ebfn kh\u00e1ch h\u00e0ng.<\/p>\n","protected":false},"excerpt":{"rendered":"<p>Jack\u2019s Knight (KICO-EN028) Queen\u2019s Knight (KICO-EN026) King\u2019s Knight (KICO-EN027) &nbsp; Rarity: Rare Type: Effect\u00a0 &amp; Normal Monster &nbsp; H\u00e0ng Ch\u00ednh<\/p>\n","protected":false},"featured_media":16928,"comment_status":"open","ping_status":"closed","template":"","meta":[],"product_brand":[],"product_cat":[130,76,77,101,106],"product_tag":[],"class_list":{"0":"post-16941","1":"product","2":"type-product","3":"status-publish","4":"has-post-thumbnail","6":"product_cat-1st-edition","7":"product_cat-effect-monster","8":"product_cat-normal-monster","9":"product_cat-rare","10":"product_cat-set","12":"first","13":"instock","14":"sale","15":"shipping-taxable","16":"purchasable","17":"product-type-simple"},"_links":{"self":[{"href":"https:\/\/ycdcardgame.com\/index.php\/wp-json\/wp\/v2\/product\/16941","targetHints":{"allow":["GET"]}}],"collection":[{"href":"https:\/\/ycdcardgame.com\/index.php\/wp-json\/wp\/v2\/product"}],"about":[{"href":"https:\/\/ycdcardgame.com\/index.php\/wp-json\/wp\/v2\/types\/product"}],"replies":[{"embeddable":true,"href":"https:\/\/ycdcardgame.com\/index.php\/wp-json\/wp\/v2\/comments?post=16941"}],"version-history":[{"count":2,"href":"https:\/\/ycdcardgame.com\/index.php\/wp-json\/wp\/v2\/product\/16941\/revisions"}],"predecessor-version":[{"id":16944,"href":"https:\/\/ycdcardgame.com\/index.php\/wp-json\/wp\/v2\/product\/16941\/revisions\/16944"}],"wp:featuredmedia":[{"embeddable":true,"href":"https:\/\/ycdcardgame.com\/index.php\/wp-json\/wp\/v2\/media\/16928"}],"wp:attachment":[{"href":"https:\/\/ycdcardgame.com\/index.php\/wp-json\/wp\/v2\/media?parent=16941"}],"wp:term":[{"taxonomy":"product_brand","embeddable":true,"href":"https:\/\/ycdcardgame.com\/index.php\/wp-json\/wp\/v2\/product_brand?post=16941"},{"taxonomy":"product_cat","embeddable":true,"href":"https:\/\/ycdcardgame.com\/index.php\/wp-json\/wp\/v2\/product_cat?post=16941"},{"taxonomy":"product_tag","embeddable":true,"href":"https:\/\/ycdcardgame.com\/index.php\/wp-json\/wp\/v2\/product_tag?post=16941"}],"curies":[{"name":"wp","href":"https:\/\/api.w.org\/{rel}","templated":true}]}}