{"id":16985,"date":"2026-02-02T03:10:16","date_gmt":"2026-02-02T03:10:16","guid":{"rendered":"https:\/\/ycdcardgame.com\/?post_type=product&#038;p=16985"},"modified":"2026-02-02T03:10:17","modified_gmt":"2026-02-02T03:10:17","slug":"slifer-the-sky-dragon-secret-rare","status":"publish","type":"product","link":"https:\/\/ycdcardgame.com\/index.php\/san-pham\/slifer-the-sky-dragon-secret-rare\/","title":{"rendered":"Slifer the Sky Dragon \u2013 Secret Rare"},"content":{"rendered":"<p>Slifer the Sky Dragon<\/p>\n<p>&nbsp;<\/p>\n<p>M\u00e3 card :SBC1-ENH01<\/p>\n<p>Rarity: Secret rare<\/p>\n<p>Type: Erffect Monster<\/p>\n<p>&nbsp;<\/p>\n<p>H\u00e0ng ch\u00ednh h\u00e3ng KONAMI<\/p>\n<p>Xu\u1ea5t x\u1ee9 :USA ( TCG)<\/p>\n<p>&nbsp;<\/p>\n<p>&nbsp;<\/p>\n<p>Card shop b\u00e1n ra \u0111\u1ec1u l\u00e0 h\u00e0ng nh\u1eadp kh\u1ea9u ch\u00ednh h\u00e3ng<\/p>\n<p>Card \u0111\u01b0\u1ee3c ki\u1ec3m tra k\u1ef9 c\u00e0ng v\u00e0 \u0111\u00f3ng g\u00f3i c\u1ea9n th\u1eadn tr\u01b0\u1edbc khi giao \u0111\u1ebfn kh\u00e1ch h\u00e0ng.<\/p>\n","protected":false},"excerpt":{"rendered":"<p>Slifer the Sky Dragon &nbsp; M\u00e3 card :SBC1-ENH01 Rarity: Secret rare Type: Erffect Monster &nbsp; H\u00e0ng ch\u00ednh h\u00e3ng KONAMI Xu\u1ea5t<\/p>\n","protected":false},"featured_media":16975,"comment_status":"open","ping_status":"closed","template":"","meta":[],"product_brand":[],"product_cat":[130,76,98],"product_tag":[],"class_list":{"0":"post-16985","1":"product","2":"type-product","3":"status-publish","4":"has-post-thumbnail","6":"product_cat-1st-edition","7":"product_cat-effect-monster","8":"product_cat-secret-rare","10":"first","11":"instock","12":"sale","13":"shipping-taxable","14":"purchasable","15":"product-type-simple"},"_links":{"self":[{"href":"https:\/\/ycdcardgame.com\/index.php\/wp-json\/wp\/v2\/product\/16985","targetHints":{"allow":["GET"]}}],"collection":[{"href":"https:\/\/ycdcardgame.com\/index.php\/wp-json\/wp\/v2\/product"}],"about":[{"href":"https:\/\/ycdcardgame.com\/index.php\/wp-json\/wp\/v2\/types\/product"}],"replies":[{"embeddable":true,"href":"https:\/\/ycdcardgame.com\/index.php\/wp-json\/wp\/v2\/comments?post=16985"}],"version-history":[{"count":1,"href":"https:\/\/ycdcardgame.com\/index.php\/wp-json\/wp\/v2\/product\/16985\/revisions"}],"predecessor-version":[{"id":16986,"href":"https:\/\/ycdcardgame.com\/index.php\/wp-json\/wp\/v2\/product\/16985\/revisions\/16986"}],"wp:featuredmedia":[{"embeddable":true,"href":"https:\/\/ycdcardgame.com\/index.php\/wp-json\/wp\/v2\/media\/16975"}],"wp:attachment":[{"href":"https:\/\/ycdcardgame.com\/index.php\/wp-json\/wp\/v2\/media?parent=16985"}],"wp:term":[{"taxonomy":"product_brand","embeddable":true,"href":"https:\/\/ycdcardgame.com\/index.php\/wp-json\/wp\/v2\/product_brand?post=16985"},{"taxonomy":"product_cat","embeddable":true,"href":"https:\/\/ycdcardgame.com\/index.php\/wp-json\/wp\/v2\/product_cat?post=16985"},{"taxonomy":"product_tag","embeddable":true,"href":"https:\/\/ycdcardgame.com\/index.php\/wp-json\/wp\/v2\/product_tag?post=16985"}],"curies":[{"name":"wp","href":"https:\/\/api.w.org\/{rel}","templated":true}]}}