{"id":17087,"date":"2026-02-03T08:15:52","date_gmt":"2026-02-03T08:15:52","guid":{"rendered":"https:\/\/ycdcardgame.com\/?post_type=product&#038;p=17087"},"modified":"2026-02-03T08:15:52","modified_gmt":"2026-02-03T08:15:52","slug":"dogoran-the-mad-flame-kaiju-silver-ultra-rare","status":"publish","type":"product","link":"https:\/\/ycdcardgame.com\/index.php\/san-pham\/dogoran-the-mad-flame-kaiju-silver-ultra-rare\/","title":{"rendered":"Dogoran, the Mad Flame Kaiju \u2013 Silver Ultra Rare"},"content":{"rendered":"<p>Dogoran, the Mad Flame Kaiju<\/p>\n<p>&nbsp;<\/p>\n<p>Code : BLC1-EN033<\/p>\n<p>Rarity: Ultra Rare (Silver)<\/p>\n<p>Type : Effect Monster<\/p>\n<p>&nbsp;<\/p>\n<p>H\u00e0ng Ch\u00ednh h\u00e3ng Konami<\/p>\n<p>Xu\u1ea5t x\u1ee9 : USA (TCG)<\/p>\n<p>&nbsp;<\/p>\n<p>Card shop b\u00e1n ra \u0111\u1ec1u l\u00e0 h\u00e0ng nh\u1eadp kh\u1ea9u ch\u00ednh h\u00e3ng t\u1eeb n\u01b0\u1edbc ngo\u00e0i.<\/p>\n<p>Card \u0111\u01b0\u1ee3c ki\u1ec3m tra k\u1ef9 c\u00e0ng v\u00e0 \u0111\u00f3ng g\u00f3i c\u1ea9n th\u1eadn tr\u01b0\u1edbc khi giao \u0111\u1ebfn kh\u00e1ch h\u00e0ng.<\/p>\n","protected":false},"excerpt":{"rendered":"<p>Dogoran, the Mad Flame Kaiju &nbsp; Code : BLC1-EN033 Rarity: Ultra Rare (Silver) Type : Effect Monster &nbsp; H\u00e0ng Ch\u00ednh<\/p>\n","protected":false},"featured_media":17065,"comment_status":"open","ping_status":"closed","template":"","meta":[],"product_brand":[],"product_cat":[130,76,99],"product_tag":[],"class_list":{"0":"post-17087","1":"product","2":"type-product","3":"status-publish","4":"has-post-thumbnail","6":"product_cat-1st-edition","7":"product_cat-effect-monster","8":"product_cat-ultra-rare","10":"first","11":"instock","12":"sale","13":"shipping-taxable","14":"purchasable","15":"product-type-simple"},"_links":{"self":[{"href":"https:\/\/ycdcardgame.com\/index.php\/wp-json\/wp\/v2\/product\/17087","targetHints":{"allow":["GET"]}}],"collection":[{"href":"https:\/\/ycdcardgame.com\/index.php\/wp-json\/wp\/v2\/product"}],"about":[{"href":"https:\/\/ycdcardgame.com\/index.php\/wp-json\/wp\/v2\/types\/product"}],"replies":[{"embeddable":true,"href":"https:\/\/ycdcardgame.com\/index.php\/wp-json\/wp\/v2\/comments?post=17087"}],"version-history":[{"count":1,"href":"https:\/\/ycdcardgame.com\/index.php\/wp-json\/wp\/v2\/product\/17087\/revisions"}],"predecessor-version":[{"id":17088,"href":"https:\/\/ycdcardgame.com\/index.php\/wp-json\/wp\/v2\/product\/17087\/revisions\/17088"}],"wp:featuredmedia":[{"embeddable":true,"href":"https:\/\/ycdcardgame.com\/index.php\/wp-json\/wp\/v2\/media\/17065"}],"wp:attachment":[{"href":"https:\/\/ycdcardgame.com\/index.php\/wp-json\/wp\/v2\/media?parent=17087"}],"wp:term":[{"taxonomy":"product_brand","embeddable":true,"href":"https:\/\/ycdcardgame.com\/index.php\/wp-json\/wp\/v2\/product_brand?post=17087"},{"taxonomy":"product_cat","embeddable":true,"href":"https:\/\/ycdcardgame.com\/index.php\/wp-json\/wp\/v2\/product_cat?post=17087"},{"taxonomy":"product_tag","embeddable":true,"href":"https:\/\/ycdcardgame.com\/index.php\/wp-json\/wp\/v2\/product_tag?post=17087"}],"curies":[{"name":"wp","href":"https:\/\/api.w.org\/{rel}","templated":true}]}}