{"id":17108,"date":"2026-02-03T08:53:40","date_gmt":"2026-02-03T08:53:40","guid":{"rendered":"https:\/\/ycdcardgame.com\/?post_type=product&#038;p=17108"},"modified":"2026-02-03T08:53:41","modified_gmt":"2026-02-03T08:53:41","slug":"spellbook-magician-of-prophecy-ultra-rare","status":"publish","type":"product","link":"https:\/\/ycdcardgame.com\/index.php\/san-pham\/spellbook-magician-of-prophecy-ultra-rare\/","title":{"rendered":"Spellbook Magician of Prophecy &#8211; Ultra Rare"},"content":{"rendered":"<p>Spellbook Magician of Prophecy<\/p>\n<p>&nbsp;<\/p>\n<p>M\u00e3 card: BLLR-EN050<\/p>\n<p>Lo\u1ea1i card: Effect monster<\/p>\n<p>Rarity: Ultra rare<\/p>\n<p>&nbsp;<\/p>\n<p>H\u00e0ng ch\u00ednh h\u00e3ng KONAMI<\/p>\n<p>Xu\u1ea5t x\u1ee9 :USA (TCG)<\/p>\n<p>&nbsp;<\/p>\n<p>&nbsp;<\/p>\n<p>Card shop b\u00e1n ra \u0111\u1ec1u l\u00e0 h\u00e0ng nh\u1eadp kh\u1ea9u ch\u00ednh h\u00e3ng t\u1eeb n\u01b0\u1edbc ngo\u00e0i.<\/p>\n<p>Card \u0111\u01b0\u1ee3c ki\u1ec3m tra k\u1ef9 c\u00e0ng v\u00e0 \u0111\u00f3ng g\u00f3i c\u1ea9n th\u1eadn tr\u01b0\u1edbc khi giao \u0111\u1ebfn kh\u00e1ch h\u00e0ng.<\/p>\n","protected":false},"excerpt":{"rendered":"<p>Spellbook Magician of Prophecy &nbsp; M\u00e3 card: BLLR-EN050 Lo\u1ea1i card: Effect monster Rarity: Ultra rare &nbsp; H\u00e0ng ch\u00ednh h\u00e3ng KONAMI<\/p>\n","protected":false},"featured_media":17095,"comment_status":"open","ping_status":"closed","template":"","meta":[],"product_brand":[],"product_cat":[130,76,99],"product_tag":[],"class_list":{"0":"post-17108","1":"product","2":"type-product","3":"status-publish","4":"has-post-thumbnail","6":"product_cat-1st-edition","7":"product_cat-effect-monster","8":"product_cat-ultra-rare","10":"first","11":"instock","12":"sale","13":"shipping-taxable","14":"purchasable","15":"product-type-simple"},"_links":{"self":[{"href":"https:\/\/ycdcardgame.com\/index.php\/wp-json\/wp\/v2\/product\/17108","targetHints":{"allow":["GET"]}}],"collection":[{"href":"https:\/\/ycdcardgame.com\/index.php\/wp-json\/wp\/v2\/product"}],"about":[{"href":"https:\/\/ycdcardgame.com\/index.php\/wp-json\/wp\/v2\/types\/product"}],"replies":[{"embeddable":true,"href":"https:\/\/ycdcardgame.com\/index.php\/wp-json\/wp\/v2\/comments?post=17108"}],"version-history":[{"count":1,"href":"https:\/\/ycdcardgame.com\/index.php\/wp-json\/wp\/v2\/product\/17108\/revisions"}],"predecessor-version":[{"id":17109,"href":"https:\/\/ycdcardgame.com\/index.php\/wp-json\/wp\/v2\/product\/17108\/revisions\/17109"}],"wp:featuredmedia":[{"embeddable":true,"href":"https:\/\/ycdcardgame.com\/index.php\/wp-json\/wp\/v2\/media\/17095"}],"wp:attachment":[{"href":"https:\/\/ycdcardgame.com\/index.php\/wp-json\/wp\/v2\/media?parent=17108"}],"wp:term":[{"taxonomy":"product_brand","embeddable":true,"href":"https:\/\/ycdcardgame.com\/index.php\/wp-json\/wp\/v2\/product_brand?post=17108"},{"taxonomy":"product_cat","embeddable":true,"href":"https:\/\/ycdcardgame.com\/index.php\/wp-json\/wp\/v2\/product_cat?post=17108"},{"taxonomy":"product_tag","embeddable":true,"href":"https:\/\/ycdcardgame.com\/index.php\/wp-json\/wp\/v2\/product_tag?post=17108"}],"curies":[{"name":"wp","href":"https:\/\/api.w.org\/{rel}","templated":true}]}}