{"id":17902,"date":"2026-03-17T08:17:55","date_gmt":"2026-03-17T01:17:55","guid":{"rendered":"https:\/\/ycdcardgame.com\/?post_type=product&#038;p=17902"},"modified":"2026-03-17T08:17:55","modified_gmt":"2026-03-17T01:17:55","slug":"barrel-dragon-common-2","status":"publish","type":"product","link":"https:\/\/ycdcardgame.com\/index.php\/san-pham\/barrel-dragon-common-2\/","title":{"rendered":"Barrel\u2002Dragon &#8211; Common"},"content":{"rendered":"<p>Th\u1ebb B\u00e0i Yugioh Ch\u00ednh H\u00e3ng<\/p>\n<p>Barrel\u2002Dragon<\/p>\n<p>Code: \u2002LDS1-EN075<\/p>\n<p>Rarity: Common<\/p>\n<p>Lo\u1ea1i Card: Normal Monster<\/p>\n<p>&nbsp;<\/p>\n<p>H\u00e0ng Ch\u00ednh h\u00e3ng Konami<\/p>\n<p>Xu\u1ea5t x\u1ee9 : USA (TCG)<\/p>\n<p>&nbsp;<\/p>\n<p>Card shop b\u00e1n ra \u0111\u1ec1u l\u00e0 h\u00e0ng nh\u1eadp kh\u1ea9u ch\u00ednh h\u00e3ng t\u1eeb n\u01b0\u1edbc ngo\u00e0i.<\/p>\n<p>Card \u0111\u01b0\u1ee3c ki\u1ec3m tra k\u1ef9 c\u00e0ng v\u00e0 \u0111\u00f3ng g\u00f3i c\u1ea9n th\u1eadn tr\u01b0\u1edbc khi giao \u0111\u1ebfn kh\u00e1ch h\u00e0ng.<\/p>\n","protected":false},"excerpt":{"rendered":"<p>Th\u1ebb B\u00e0i Yugioh Ch\u00ednh H\u00e3ng Barrel\u2002Dragon Code: \u2002LDS1-EN075 Rarity: Common Lo\u1ea1i Card: Normal Monster &nbsp; H\u00e0ng Ch\u00ednh h\u00e3ng Konami Xu\u1ea5t<\/p>\n","protected":false},"featured_media":17736,"comment_status":"open","ping_status":"closed","template":"","meta":[],"product_brand":[],"product_cat":[130,102,76,131],"product_tag":[],"class_list":{"0":"post-17902","1":"product","2":"type-product","3":"status-publish","4":"has-post-thumbnail","6":"product_cat-1st-edition","7":"product_cat-common","8":"product_cat-effect-monster","9":"product_cat-unlimited-edition","11":"first","12":"instock","13":"sale","14":"shipping-taxable","15":"purchasable","16":"product-type-simple"},"_links":{"self":[{"href":"https:\/\/ycdcardgame.com\/index.php\/wp-json\/wp\/v2\/product\/17902","targetHints":{"allow":["GET"]}}],"collection":[{"href":"https:\/\/ycdcardgame.com\/index.php\/wp-json\/wp\/v2\/product"}],"about":[{"href":"https:\/\/ycdcardgame.com\/index.php\/wp-json\/wp\/v2\/types\/product"}],"replies":[{"embeddable":true,"href":"https:\/\/ycdcardgame.com\/index.php\/wp-json\/wp\/v2\/comments?post=17902"}],"version-history":[{"count":1,"href":"https:\/\/ycdcardgame.com\/index.php\/wp-json\/wp\/v2\/product\/17902\/revisions"}],"predecessor-version":[{"id":17903,"href":"https:\/\/ycdcardgame.com\/index.php\/wp-json\/wp\/v2\/product\/17902\/revisions\/17903"}],"wp:featuredmedia":[{"embeddable":true,"href":"https:\/\/ycdcardgame.com\/index.php\/wp-json\/wp\/v2\/media\/17736"}],"wp:attachment":[{"href":"https:\/\/ycdcardgame.com\/index.php\/wp-json\/wp\/v2\/media?parent=17902"}],"wp:term":[{"taxonomy":"product_brand","embeddable":true,"href":"https:\/\/ycdcardgame.com\/index.php\/wp-json\/wp\/v2\/product_brand?post=17902"},{"taxonomy":"product_cat","embeddable":true,"href":"https:\/\/ycdcardgame.com\/index.php\/wp-json\/wp\/v2\/product_cat?post=17902"},{"taxonomy":"product_tag","embeddable":true,"href":"https:\/\/ycdcardgame.com\/index.php\/wp-json\/wp\/v2\/product_tag?post=17902"}],"curies":[{"name":"wp","href":"https:\/\/api.w.org\/{rel}","templated":true}]}}