{"id":18151,"date":"2026-03-23T19:04:29","date_gmt":"2026-03-23T12:04:29","guid":{"rendered":"https:\/\/ycdcardgame.com\/?post_type=product&#038;p=18151"},"modified":"2026-03-23T19:04:30","modified_gmt":"2026-03-23T12:04:30","slug":"alpha-the-master-of-beasts-ultra-rarethe-bai-yugioh-chinh-hang-set-3-la-alpha-the-master-of-beasts-alpha-the-master-of-beasts-alpha-the-master-of-beasts-ma-the-bai-ra01-en022-loai-the","status":"publish","type":"product","link":"https:\/\/ycdcardgame.com\/index.php\/san-pham\/alpha-the-master-of-beasts-ultra-rarethe-bai-yugioh-chinh-hang-set-3-la-alpha-the-master-of-beasts-alpha-the-master-of-beasts-alpha-the-master-of-beasts-ma-the-bai-ra01-en022-loai-the\/","title":{"rendered":"Alpha, the Master of Beasts &#8211; Ultra RareTh\u1ebb b\u00e0i Yugioh Ch\u00ednh H\u00e3ng Set 3 L\u00e1     Alpha, the Master of Beasts  Alpha, the Master of Beasts  Alpha, the Master of Beasts    M\u00e3 th\u1ebb b\u00e0i: RA01-EN022  Lo\u1ea1i th\u1ebb b\u00e0i: Effect Monster    H\u00e0ng Ch\u00ednh h\u00e3ng Konami  Xu\u1ea5t x\u1ee9 : USA (TCG)    Card shop b\u00e1n ra \u0111\u1ec1u l\u00e0 h\u00e0ng nh\u1eadp kh\u1ea9u ch\u00ednh h\u00e3ng t\u1eeb n\u01b0\u1edbc ngo\u00e0i.  Card \u0111\u01b0\u1ee3c ki\u1ec3m tra k\u1ef9 c\u00e0ng v\u00e0 \u0111\u00f3ng g\u00f3i c\u1ea9n th\u1eadn tr\u01b0\u1edbc khi giao \u0111\u1ebfn kh\u00e1ch h\u00e0ng."},"content":{"rendered":"<p>Th\u1ebb b\u00e0i Yugioh Ch\u00ednh H\u00e3ng<\/p>\n<p>&nbsp;<\/p>\n<p>Alpha, the Master of Beasts<\/p>\n<p>&nbsp;<\/p>\n<p>M\u00e3 th\u1ebb b\u00e0i: RA01-EN022<\/p>\n<p>Lo\u1ea1i th\u1ebb b\u00e0i: Effect Monster<\/p>\n<p>Rarity: Ultra Rare<\/p>\n<p>&nbsp;<\/p>\n<p>H\u00e0ng Ch\u00ednh h\u00e3ng Konami<\/p>\n<p>Xu\u1ea5t x\u1ee9 : USA (TCG)<\/p>\n<p>&nbsp;<\/p>\n<p>Card shop b\u00e1n ra \u0111\u1ec1u l\u00e0 h\u00e0ng nh\u1eadp kh\u1ea9u ch\u00ednh h\u00e3ng t\u1eeb n\u01b0\u1edbc ngo\u00e0i.<\/p>\n<p>Card \u0111\u01b0\u1ee3c ki\u1ec3m tra k\u1ef9 c\u00e0ng v\u00e0 \u0111\u00f3ng g\u00f3i c\u1ea9n th\u1eadn tr\u01b0\u1edbc khi giao \u0111\u1ebfn kh\u00e1ch h\u00e0ng.<\/p>\n","protected":false},"excerpt":{"rendered":"<p>Th\u1ebb b\u00e0i Yugioh Ch\u00ednh H\u00e3ng &nbsp; Alpha, the Master of Beasts &nbsp; M\u00e3 th\u1ebb b\u00e0i: RA01-EN022 Lo\u1ea1i th\u1ebb b\u00e0i: Effect<\/p>\n","protected":false},"featured_media":17995,"comment_status":"open","ping_status":"closed","template":"","meta":[],"product_brand":[],"product_cat":[130,76,99],"product_tag":[],"class_list":{"0":"post-18151","1":"product","2":"type-product","3":"status-publish","4":"has-post-thumbnail","6":"product_cat-1st-edition","7":"product_cat-effect-monster","8":"product_cat-ultra-rare","10":"first","11":"instock","12":"sale","13":"shipping-taxable","14":"purchasable","15":"product-type-simple"},"_links":{"self":[{"href":"https:\/\/ycdcardgame.com\/index.php\/wp-json\/wp\/v2\/product\/18151","targetHints":{"allow":["GET"]}}],"collection":[{"href":"https:\/\/ycdcardgame.com\/index.php\/wp-json\/wp\/v2\/product"}],"about":[{"href":"https:\/\/ycdcardgame.com\/index.php\/wp-json\/wp\/v2\/types\/product"}],"replies":[{"embeddable":true,"href":"https:\/\/ycdcardgame.com\/index.php\/wp-json\/wp\/v2\/comments?post=18151"}],"version-history":[{"count":1,"href":"https:\/\/ycdcardgame.com\/index.php\/wp-json\/wp\/v2\/product\/18151\/revisions"}],"predecessor-version":[{"id":18152,"href":"https:\/\/ycdcardgame.com\/index.php\/wp-json\/wp\/v2\/product\/18151\/revisions\/18152"}],"wp:featuredmedia":[{"embeddable":true,"href":"https:\/\/ycdcardgame.com\/index.php\/wp-json\/wp\/v2\/media\/17995"}],"wp:attachment":[{"href":"https:\/\/ycdcardgame.com\/index.php\/wp-json\/wp\/v2\/media?parent=18151"}],"wp:term":[{"taxonomy":"product_brand","embeddable":true,"href":"https:\/\/ycdcardgame.com\/index.php\/wp-json\/wp\/v2\/product_brand?post=18151"},{"taxonomy":"product_cat","embeddable":true,"href":"https:\/\/ycdcardgame.com\/index.php\/wp-json\/wp\/v2\/product_cat?post=18151"},{"taxonomy":"product_tag","embeddable":true,"href":"https:\/\/ycdcardgame.com\/index.php\/wp-json\/wp\/v2\/product_tag?post=18151"}],"curies":[{"name":"wp","href":"https:\/\/api.w.org\/{rel}","templated":true}]}}