{"id":18595,"date":"2026-03-26T09:20:42","date_gmt":"2026-03-26T02:20:42","guid":{"rendered":"https:\/\/ycdcardgame.com\/?post_type=product&#038;p=18595"},"modified":"2026-03-26T10:10:48","modified_gmt":"2026-03-26T03:10:48","slug":"18595","status":"publish","type":"product","link":"https:\/\/ycdcardgame.com\/index.php\/san-pham\/18595\/","title":{"rendered":""},"content":{"rendered":"<p>Th\u1ebb b\u00e0i Yugioh Ch\u00ednh H\u00e3ng<\/p>\n<p>&nbsp;<\/p>\n<p>Odd-Eyes Pendulum Dragon<\/p>\n<p>&nbsp;<\/p>\n<p>M\u00e3 card : TN23-EN011<\/p>\n<p>Lo\u1ea1i th\u1ebb b\u00e0i: Pendulum Monster<\/p>\n<p>Rarity: Quarter Century Secret Rare<\/p>\n<p>&nbsp;<\/p>\n<p>H\u00e0ng Ch\u00ednh h\u00e3ng Konami<\/p>\n<p>Xu\u1ea5t x\u1ee9 : USA (TCG)<\/p>\n<p>&nbsp;<\/p>\n<p>Card shop b\u00e1n ra \u0111\u1ec1u l\u00e0 h\u00e0ng nh\u1eadp kh\u1ea9u ch\u00ednh h\u00e3ng t\u1eeb n\u01b0\u1edbc ngo\u00e0i.<\/p>\n<p>Card \u0111\u01b0\u1ee3c ki\u1ec3m tra k\u1ef9 c\u00e0ng v\u00e0 \u0111\u00f3ng g\u00f3i c\u1ea9n th\u1eadn tr\u01b0\u1edbc khi giao \u0111\u1ebfn kh\u00e1ch h\u00e0ng.<\/p>\n","protected":false},"excerpt":{"rendered":"<p>Th\u1ebb b\u00e0i Yugioh Ch\u00ednh H\u00e3ng &nbsp; Odd-Eyes Pendulum Dragon &nbsp; M\u00e3 card : TN23-EN011 Lo\u1ea1i th\u1ebb b\u00e0i: Pendulum Monster Rarity:<\/p>\n","protected":false},"featured_media":18556,"comment_status":"open","ping_status":"closed","template":"","meta":[],"product_brand":[],"product_cat":[126,132,81],"product_tag":[],"class_list":{"0":"post-18595","1":"product","2":"type-product","3":"status-publish","4":"has-post-thumbnail","6":"product_cat-25th-secret-rare","7":"product_cat-limited-edition","8":"product_cat-pendulum-monster","10":"first","11":"instock","12":"sale","13":"shipping-taxable","14":"purchasable","15":"product-type-simple"},"_links":{"self":[{"href":"https:\/\/ycdcardgame.com\/index.php\/wp-json\/wp\/v2\/product\/18595","targetHints":{"allow":["GET"]}}],"collection":[{"href":"https:\/\/ycdcardgame.com\/index.php\/wp-json\/wp\/v2\/product"}],"about":[{"href":"https:\/\/ycdcardgame.com\/index.php\/wp-json\/wp\/v2\/types\/product"}],"replies":[{"embeddable":true,"href":"https:\/\/ycdcardgame.com\/index.php\/wp-json\/wp\/v2\/comments?post=18595"}],"version-history":[{"count":1,"href":"https:\/\/ycdcardgame.com\/index.php\/wp-json\/wp\/v2\/product\/18595\/revisions"}],"predecessor-version":[{"id":18596,"href":"https:\/\/ycdcardgame.com\/index.php\/wp-json\/wp\/v2\/product\/18595\/revisions\/18596"}],"wp:featuredmedia":[{"embeddable":true,"href":"https:\/\/ycdcardgame.com\/index.php\/wp-json\/wp\/v2\/media\/18556"}],"wp:attachment":[{"href":"https:\/\/ycdcardgame.com\/index.php\/wp-json\/wp\/v2\/media?parent=18595"}],"wp:term":[{"taxonomy":"product_brand","embeddable":true,"href":"https:\/\/ycdcardgame.com\/index.php\/wp-json\/wp\/v2\/product_brand?post=18595"},{"taxonomy":"product_cat","embeddable":true,"href":"https:\/\/ycdcardgame.com\/index.php\/wp-json\/wp\/v2\/product_cat?post=18595"},{"taxonomy":"product_tag","embeddable":true,"href":"https:\/\/ycdcardgame.com\/index.php\/wp-json\/wp\/v2\/product_tag?post=18595"}],"curies":[{"name":"wp","href":"https:\/\/api.w.org\/{rel}","templated":true}]}}