{"id":18816,"date":"2026-03-27T17:05:20","date_gmt":"2026-03-27T10:05:20","guid":{"rendered":"https:\/\/ycdcardgame.com\/?post_type=product&#038;p=18816"},"modified":"2026-03-27T17:05:20","modified_gmt":"2026-03-27T10:05:20","slug":"elemental-hero-flame-wingman-platinum-secret-rare","status":"publish","type":"product","link":"https:\/\/ycdcardgame.com\/index.php\/san-pham\/elemental-hero-flame-wingman-platinum-secret-rare\/","title":{"rendered":"Elemental HERO Flame Wingman \u2013 Platinum Secret Rare"},"content":{"rendered":"<p>Th\u1ebb B\u00e0i Yugioh Ch\u00ednh H\u00e3ng<\/p>\n<p>&nbsp;<\/p>\n<p>Elemental HERO Flame Wingman<\/p>\n<p>&nbsp;<\/p>\n<p>M\u00e3 Card: RA03-EN152<\/p>\n<p>Rarity: Platinum Secret Rare<\/p>\n<p>Type: Fusion Monster<\/p>\n<p>&nbsp;<\/p>\n<p>H\u00e0ng Ch\u00ednh h\u00e3ng Konami<\/p>\n<p>Xu\u1ea5t x\u1ee9 : USA (TCG)<\/p>\n<p>&nbsp;<\/p>\n<p>Card shop b\u00e1n ra \u0111\u1ec1u l\u00e0 h\u00e0ng nh\u1eadp kh\u1ea9u ch\u00ednh h\u00e3ng t\u1eeb n\u01b0\u1edbc ngo\u00e0i.<\/p>\n<p>Card \u0111\u01b0\u1ee3c ki\u1ec3m tra k\u1ef9 c\u00e0ng v\u00e0 \u0111\u00f3ng g\u00f3i c\u1ea9n th\u1eadn tr\u01b0\u1edbc khi giao \u0111\u1ebfn kh\u00e1ch h\u00e0ng.<\/p>\n","protected":false},"excerpt":{"rendered":"<p>Th\u1ebb B\u00e0i Yugioh Ch\u00ednh H\u00e3ng &nbsp; Elemental HERO Flame Wingman &nbsp; M\u00e3 Card: RA03-EN152 Rarity: Platinum Secret Rare Type: Fusion<\/p>\n","protected":false},"featured_media":18706,"comment_status":"open","ping_status":"closed","template":"","meta":[],"product_brand":[],"product_cat":[130,78,137],"product_tag":[],"class_list":{"0":"post-18816","1":"product","2":"type-product","3":"status-publish","4":"has-post-thumbnail","6":"product_cat-1st-edition","7":"product_cat-fusion-monster","8":"product_cat-platinum-secret-rare","10":"first","11":"instock","12":"sale","13":"shipping-taxable","14":"purchasable","15":"product-type-simple"},"_links":{"self":[{"href":"https:\/\/ycdcardgame.com\/index.php\/wp-json\/wp\/v2\/product\/18816","targetHints":{"allow":["GET"]}}],"collection":[{"href":"https:\/\/ycdcardgame.com\/index.php\/wp-json\/wp\/v2\/product"}],"about":[{"href":"https:\/\/ycdcardgame.com\/index.php\/wp-json\/wp\/v2\/types\/product"}],"replies":[{"embeddable":true,"href":"https:\/\/ycdcardgame.com\/index.php\/wp-json\/wp\/v2\/comments?post=18816"}],"version-history":[{"count":1,"href":"https:\/\/ycdcardgame.com\/index.php\/wp-json\/wp\/v2\/product\/18816\/revisions"}],"predecessor-version":[{"id":18817,"href":"https:\/\/ycdcardgame.com\/index.php\/wp-json\/wp\/v2\/product\/18816\/revisions\/18817"}],"wp:featuredmedia":[{"embeddable":true,"href":"https:\/\/ycdcardgame.com\/index.php\/wp-json\/wp\/v2\/media\/18706"}],"wp:attachment":[{"href":"https:\/\/ycdcardgame.com\/index.php\/wp-json\/wp\/v2\/media?parent=18816"}],"wp:term":[{"taxonomy":"product_brand","embeddable":true,"href":"https:\/\/ycdcardgame.com\/index.php\/wp-json\/wp\/v2\/product_brand?post=18816"},{"taxonomy":"product_cat","embeddable":true,"href":"https:\/\/ycdcardgame.com\/index.php\/wp-json\/wp\/v2\/product_cat?post=18816"},{"taxonomy":"product_tag","embeddable":true,"href":"https:\/\/ycdcardgame.com\/index.php\/wp-json\/wp\/v2\/product_tag?post=18816"}],"curies":[{"name":"wp","href":"https:\/\/api.w.org\/{rel}","templated":true}]}}