{"id":18935,"date":"2026-04-15T10:22:24","date_gmt":"2026-04-15T03:22:24","guid":{"rendered":"https:\/\/ycdcardgame.com\/?post_type=product&#038;p=18935"},"modified":"2026-04-15T10:25:15","modified_gmt":"2026-04-15T03:25:15","slug":"box-legendary-decks-2","status":"publish","type":"product","link":"https:\/\/ycdcardgame.com\/index.php\/san-pham\/box-legendary-decks-2\/","title":{"rendered":"Box Legendary Decks 2"},"content":{"rendered":"<p>H\u1ed9p Th\u1ebb b\u00e0i Yugioh Ch\u00ednh H\u00e3ng Legendary Deck II ( Unlimited Edition 2024)<\/p>\n<p>H\u1ed9p b\u00e0i bao g\u1ed3m:<\/p>\n<p>\u2022 3 Deck b\u00e0i (41 l\u00e1 m\u1ed7i deck) c\u1ee7a 3 nh\u00e2n v\u1eadt ch\u00ednh Yugi , Kaiba, Jonouchi trong tr\u1eadn chi\u1ebfn Battle City<\/p>\n<p>\u2022 1 Pack promo v\u1edbi 3 l\u00e1 b\u00e0i Secret Rare si\u00eau \u0111\u1eb9p g\u1ed3m Dark Burning Attack, Dark Burning Magic v\u00e0 Eternal Soul .<\/p>\n<p>&nbsp;<\/p>\n<p>H\u1ed9p b\u00e0i ch\u1ee9a t\u1ea5t c\u1ea3 nh\u1eefng l\u00e1 b\u00e0i n\u1ed5i ti\u1ebfng \u0111\u01b0\u1ee3c s\u1eed d\u1ee5ng b\u1edfi Yugi ,Kaiba v\u00e0 Jonouchi nh\u01b0 :Th\u1ea7n s\u1ee9c m\u1ea1nh b\u1ecb x\u00edch Exodia, 3 th\u1ea7n Ai c\u1eadp, Blue-eyes White Dragon (x3 ), Blue-eyes Ultimate Dragon, Dark magician, Red-eyes Black Dragon \u2026..<\/p>\n<p>\u0110\u00e2y 1 l\u00e0 l\u1ef1a ch\u1ecdn ho\u00e0n h\u1ea3o kh\u00f4ng th\u1ec3 b\u1ecf qua d\u00e0nh cho ng\u01b0\u1eddi s\u01b0u t\u1eadp y\u00eau th\u00edch nh\u1eefng l\u00e1 b\u00e0i c\u1ee7a c\u00e1c nh\u00e2n v\u1eadt truy\u1ec1n thuy\u1ebft .<\/p>\n<p>&nbsp;<\/p>\n<p>S\u1ea3n ph\u1ea9m l\u00e0 H\u00e0ng Ch\u00ednh h\u00e3ng Konami<\/p>\n<p>Xu\u1ea5t x\u1ee9 : UK (Anh Qu\u1ed1c)<\/p>\n","protected":false},"excerpt":{"rendered":"<p>H\u1ed9p Th\u1ebb b\u00e0i Yugioh Ch\u00ednh H\u00e3ng Legendary Deck II ( Unlimited Edition 2024) H\u1ed9p b\u00e0i bao g\u1ed3m: \u2022 3 Deck<\/p>\n","protected":false},"featured_media":18945,"comment_status":"open","ping_status":"closed","template":"","meta":[],"product_brand":[],"product_cat":[88,131],"product_tag":[],"class_list":{"0":"post-18935","1":"product","2":"type-product","3":"status-publish","4":"has-post-thumbnail","6":"product_cat-box","7":"product_cat-unlimited-edition","9":"first","10":"instock","11":"sale","12":"shipping-taxable","13":"purchasable","14":"product-type-simple"},"_links":{"self":[{"href":"https:\/\/ycdcardgame.com\/index.php\/wp-json\/wp\/v2\/product\/18935","targetHints":{"allow":["GET"]}}],"collection":[{"href":"https:\/\/ycdcardgame.com\/index.php\/wp-json\/wp\/v2\/product"}],"about":[{"href":"https:\/\/ycdcardgame.com\/index.php\/wp-json\/wp\/v2\/types\/product"}],"replies":[{"embeddable":true,"href":"https:\/\/ycdcardgame.com\/index.php\/wp-json\/wp\/v2\/comments?post=18935"}],"version-history":[{"count":1,"href":"https:\/\/ycdcardgame.com\/index.php\/wp-json\/wp\/v2\/product\/18935\/revisions"}],"predecessor-version":[{"id":18947,"href":"https:\/\/ycdcardgame.com\/index.php\/wp-json\/wp\/v2\/product\/18935\/revisions\/18947"}],"wp:featuredmedia":[{"embeddable":true,"href":"https:\/\/ycdcardgame.com\/index.php\/wp-json\/wp\/v2\/media\/18945"}],"wp:attachment":[{"href":"https:\/\/ycdcardgame.com\/index.php\/wp-json\/wp\/v2\/media?parent=18935"}],"wp:term":[{"taxonomy":"product_brand","embeddable":true,"href":"https:\/\/ycdcardgame.com\/index.php\/wp-json\/wp\/v2\/product_brand?post=18935"},{"taxonomy":"product_cat","embeddable":true,"href":"https:\/\/ycdcardgame.com\/index.php\/wp-json\/wp\/v2\/product_cat?post=18935"},{"taxonomy":"product_tag","embeddable":true,"href":"https:\/\/ycdcardgame.com\/index.php\/wp-json\/wp\/v2\/product_tag?post=18935"}],"curies":[{"name":"wp","href":"https:\/\/api.w.org\/{rel}","templated":true}]}}