{"id":19063,"date":"2026-04-19T09:47:26","date_gmt":"2026-04-19T02:47:26","guid":{"rendered":"https:\/\/ycdcardgame.com\/?post_type=product&#038;p=19063"},"modified":"2026-04-19T09:47:26","modified_gmt":"2026-04-19T02:47:26","slug":"heart-of-the-blue-eyes-starlight-rare","status":"publish","type":"product","link":"https:\/\/ycdcardgame.com\/index.php\/san-pham\/heart-of-the-blue-eyes-starlight-rare\/","title":{"rendered":"Heart of the Blue-Eyes \u2013 Starlight Rare"},"content":{"rendered":"<p>Th\u1ebb b\u00e0i yugioh ch\u00ednh h\u00e3ng<\/p>\n<p>&nbsp;<\/p>\n<p>Heart of the Blue-Eyes<\/p>\n<p>&nbsp;<\/p>\n<p>Code: MP25- EN013<\/p>\n<p>Rarity: Starlight Rare<\/p>\n<p>Type: Effect\u00a0Monster<\/p>\n<p>&nbsp;<\/p>\n<p>Xu\u1ea5t x\u1ee9 :USA ( TCG)<\/p>\n<p>H\u00e0ng ch\u00ednh h\u00e3ng Konami<\/p>\n<p>&nbsp;<\/p>\n<p>Card shop b\u00e1n ra \u0111\u1ec1u l\u00e0 h\u00e0ng nh\u1eadp kh\u1ea9u ch\u00ednh h\u00e3ng t\u1eeb n\u01b0\u1edbc ngo\u00e0i.<\/p>\n<p>Card \u0111\u01b0\u1ee3c ki\u1ec3m tra k\u1ef9 c\u00e0ng v\u00e0 \u0111\u00f3ng g\u00f3i c\u1ea9n th\u1eadn tr\u01b0\u1edbc khi giao \u0111\u1ebfn kh\u00e1ch h\u00e0ng.<\/p>\n","protected":false},"excerpt":{"rendered":"<p>Th\u1ebb b\u00e0i yugioh ch\u00ednh h\u00e3ng &nbsp; Heart of the Blue-Eyes &nbsp; Code: MP25- EN013 Rarity: Starlight Rare Type: Effect\u00a0Monster &nbsp;<\/p>\n","protected":false},"featured_media":19064,"comment_status":"open","ping_status":"closed","template":"","meta":[],"product_brand":[],"product_cat":[130,76,141],"product_tag":[],"class_list":{"0":"post-19063","1":"product","2":"type-product","3":"status-publish","4":"has-post-thumbnail","6":"product_cat-1st-edition","7":"product_cat-effect-monster","8":"product_cat-starlight-rare","10":"first","11":"instock","12":"sale","13":"shipping-taxable","14":"purchasable","15":"product-type-simple"},"_links":{"self":[{"href":"https:\/\/ycdcardgame.com\/index.php\/wp-json\/wp\/v2\/product\/19063","targetHints":{"allow":["GET"]}}],"collection":[{"href":"https:\/\/ycdcardgame.com\/index.php\/wp-json\/wp\/v2\/product"}],"about":[{"href":"https:\/\/ycdcardgame.com\/index.php\/wp-json\/wp\/v2\/types\/product"}],"replies":[{"embeddable":true,"href":"https:\/\/ycdcardgame.com\/index.php\/wp-json\/wp\/v2\/comments?post=19063"}],"version-history":[{"count":1,"href":"https:\/\/ycdcardgame.com\/index.php\/wp-json\/wp\/v2\/product\/19063\/revisions"}],"predecessor-version":[{"id":19065,"href":"https:\/\/ycdcardgame.com\/index.php\/wp-json\/wp\/v2\/product\/19063\/revisions\/19065"}],"wp:featuredmedia":[{"embeddable":true,"href":"https:\/\/ycdcardgame.com\/index.php\/wp-json\/wp\/v2\/media\/19064"}],"wp:attachment":[{"href":"https:\/\/ycdcardgame.com\/index.php\/wp-json\/wp\/v2\/media?parent=19063"}],"wp:term":[{"taxonomy":"product_brand","embeddable":true,"href":"https:\/\/ycdcardgame.com\/index.php\/wp-json\/wp\/v2\/product_brand?post=19063"},{"taxonomy":"product_cat","embeddable":true,"href":"https:\/\/ycdcardgame.com\/index.php\/wp-json\/wp\/v2\/product_cat?post=19063"},{"taxonomy":"product_tag","embeddable":true,"href":"https:\/\/ycdcardgame.com\/index.php\/wp-json\/wp\/v2\/product_tag?post=19063"}],"curies":[{"name":"wp","href":"https:\/\/api.w.org\/{rel}","templated":true}]}}