{"id":19076,"date":"2026-04-19T09:59:48","date_gmt":"2026-04-19T02:59:48","guid":{"rendered":"https:\/\/ycdcardgame.com\/?post_type=product&#038;p=19076"},"modified":"2026-04-19T09:59:48","modified_gmt":"2026-04-19T02:59:48","slug":"raigeki-common","status":"publish","type":"product","link":"https:\/\/ycdcardgame.com\/index.php\/san-pham\/raigeki-common\/","title":{"rendered":"Raigeki \u2013 Common"},"content":{"rendered":"<p>Th\u1ebb b\u00e0i Yugioh Ch\u00ednh H\u00e3ng<\/p>\n<p>&nbsp;<\/p>\n<p>Raigeki<\/p>\n<p>&nbsp;<\/p>\n<p>M\u00e3 th\u1ebb b\u00e0i: L26D-ENS05<\/p>\n<p>Lo\u1ea1i th\u1ebb b\u00e0i: Spell<\/p>\n<p>Rarity: Common<\/p>\n<p>&nbsp;<\/p>\n<p>H\u00e0ng Ch\u00ednh h\u00e3ng Konami<\/p>\n<p>Xu\u1ea5t x\u1ee9 : USA (TCG)<\/p>\n<p>&nbsp;<\/p>\n<p>&nbsp;<\/p>\n<p>Card shop b\u00e1n ra \u0111\u1ec1u l\u00e0 h\u00e0ng nh\u1eadp kh\u1ea9u ch\u00ednh h\u00e3ng t\u1eeb n\u01b0\u1edbc ngo\u00e0i.<\/p>\n","protected":false},"excerpt":{"rendered":"<p>Th\u1ebb b\u00e0i Yugioh Ch\u00ednh H\u00e3ng &nbsp; Raigeki &nbsp; M\u00e3 th\u1ebb b\u00e0i: L26D-ENS05 Lo\u1ea1i th\u1ebb b\u00e0i: Spell Rarity: Common &nbsp; H\u00e0ng<\/p>\n","protected":false},"featured_media":19069,"comment_status":"open","ping_status":"closed","template":"","meta":[],"product_brand":[],"product_cat":[130,102,83],"product_tag":[],"class_list":{"0":"post-19076","1":"product","2":"type-product","3":"status-publish","4":"has-post-thumbnail","6":"product_cat-1st-edition","7":"product_cat-common","8":"product_cat-spell-card","10":"first","11":"instock","12":"sale","13":"shipping-taxable","14":"purchasable","15":"product-type-simple"},"_links":{"self":[{"href":"https:\/\/ycdcardgame.com\/index.php\/wp-json\/wp\/v2\/product\/19076","targetHints":{"allow":["GET"]}}],"collection":[{"href":"https:\/\/ycdcardgame.com\/index.php\/wp-json\/wp\/v2\/product"}],"about":[{"href":"https:\/\/ycdcardgame.com\/index.php\/wp-json\/wp\/v2\/types\/product"}],"replies":[{"embeddable":true,"href":"https:\/\/ycdcardgame.com\/index.php\/wp-json\/wp\/v2\/comments?post=19076"}],"version-history":[{"count":1,"href":"https:\/\/ycdcardgame.com\/index.php\/wp-json\/wp\/v2\/product\/19076\/revisions"}],"predecessor-version":[{"id":19077,"href":"https:\/\/ycdcardgame.com\/index.php\/wp-json\/wp\/v2\/product\/19076\/revisions\/19077"}],"wp:featuredmedia":[{"embeddable":true,"href":"https:\/\/ycdcardgame.com\/index.php\/wp-json\/wp\/v2\/media\/19069"}],"wp:attachment":[{"href":"https:\/\/ycdcardgame.com\/index.php\/wp-json\/wp\/v2\/media?parent=19076"}],"wp:term":[{"taxonomy":"product_brand","embeddable":true,"href":"https:\/\/ycdcardgame.com\/index.php\/wp-json\/wp\/v2\/product_brand?post=19076"},{"taxonomy":"product_cat","embeddable":true,"href":"https:\/\/ycdcardgame.com\/index.php\/wp-json\/wp\/v2\/product_cat?post=19076"},{"taxonomy":"product_tag","embeddable":true,"href":"https:\/\/ycdcardgame.com\/index.php\/wp-json\/wp\/v2\/product_tag?post=19076"}],"curies":[{"name":"wp","href":"https:\/\/api.w.org\/{rel}","templated":true}]}}