{"id":19172,"date":"2026-04-21T09:18:01","date_gmt":"2026-04-21T02:18:01","guid":{"rendered":"https:\/\/ycdcardgame.com\/?post_type=product&#038;p=19172"},"modified":"2026-04-21T09:18:02","modified_gmt":"2026-04-21T02:18:02","slug":"set-dung-hop-rabid-horseman-common","status":"publish","type":"product","link":"https:\/\/ycdcardgame.com\/index.php\/san-pham\/set-dung-hop-rabid-horseman-common\/","title":{"rendered":"Set Dung H\u1ee3p Rabid Horseman  &#8211; Common"},"content":{"rendered":"<p>Th\u1ebb B\u00e0i Yugioh Ch\u00ednh H\u00e3ng\u00a0Set 3 Card<\/p>\n<p>&nbsp;<\/p>\n<p>Rabid Horseman\u00a0\u00a0(\u00a0DB2-EN049)<\/p>\n<p>Mystic Horseman\u00a0(DB2-EN048)<\/p>\n<p>Battle Ox\u00a0\u00a0\u00a0\u00a0\u00a0(LDK2-ENK09)<\/p>\n<p>&nbsp;<\/p>\n<p>Rarity: Common<\/p>\n<p>&nbsp;<\/p>\n<p>H\u00e0ng Ch\u00ednh h\u00e3ng Konami<\/p>\n<p>Xu\u1ea5t x\u1ee9 : USA (TCG)<\/p>\n<p>&nbsp;<\/p>\n<p>Card shop b\u00e1n ra \u0111\u1ec1u l\u00e0 h\u00e0ng nh\u1eadp kh\u1ea9u ch\u00ednh h\u00e3ng t\u1eeb n\u01b0\u1edbc ngo\u00e0i.<\/p>\n<p>Card \u0111\u01b0\u1ee3c ki\u1ec3m tra k\u1ef9 c\u00e0ng v\u00e0 \u0111\u00f3ng g\u00f3i c\u1ea9n th\u1eadn tr\u01b0\u1edbc khi giao \u0111\u1ebfn kh\u00e1ch h\u00e0ng.<\/p>\n","protected":false},"excerpt":{"rendered":"<p>Th\u1ebb B\u00e0i Yugioh Ch\u00ednh H\u00e3ng\u00a0Set 3 Card &nbsp; Rabid Horseman\u00a0\u00a0(\u00a0DB2-EN049) Mystic Horseman\u00a0(DB2-EN048) Battle Ox\u00a0\u00a0\u00a0\u00a0\u00a0(LDK2-ENK09) &nbsp; Rarity: Common &nbsp; H\u00e0ng Ch\u00ednh<\/p>\n","protected":false},"featured_media":19159,"comment_status":"open","ping_status":"closed","template":"","meta":[],"product_brand":[],"product_cat":[130,107,102,131],"product_tag":[],"class_list":{"0":"post-19172","1":"product","2":"type-product","3":"status-publish","4":"has-post-thumbnail","6":"product_cat-1st-edition","7":"product_cat-combo","8":"product_cat-common","9":"product_cat-unlimited-edition","11":"first","12":"instock","13":"sale","14":"shipping-taxable","15":"purchasable","16":"product-type-simple"},"_links":{"self":[{"href":"https:\/\/ycdcardgame.com\/index.php\/wp-json\/wp\/v2\/product\/19172","targetHints":{"allow":["GET"]}}],"collection":[{"href":"https:\/\/ycdcardgame.com\/index.php\/wp-json\/wp\/v2\/product"}],"about":[{"href":"https:\/\/ycdcardgame.com\/index.php\/wp-json\/wp\/v2\/types\/product"}],"replies":[{"embeddable":true,"href":"https:\/\/ycdcardgame.com\/index.php\/wp-json\/wp\/v2\/comments?post=19172"}],"version-history":[{"count":1,"href":"https:\/\/ycdcardgame.com\/index.php\/wp-json\/wp\/v2\/product\/19172\/revisions"}],"predecessor-version":[{"id":19173,"href":"https:\/\/ycdcardgame.com\/index.php\/wp-json\/wp\/v2\/product\/19172\/revisions\/19173"}],"wp:featuredmedia":[{"embeddable":true,"href":"https:\/\/ycdcardgame.com\/index.php\/wp-json\/wp\/v2\/media\/19159"}],"wp:attachment":[{"href":"https:\/\/ycdcardgame.com\/index.php\/wp-json\/wp\/v2\/media?parent=19172"}],"wp:term":[{"taxonomy":"product_brand","embeddable":true,"href":"https:\/\/ycdcardgame.com\/index.php\/wp-json\/wp\/v2\/product_brand?post=19172"},{"taxonomy":"product_cat","embeddable":true,"href":"https:\/\/ycdcardgame.com\/index.php\/wp-json\/wp\/v2\/product_cat?post=19172"},{"taxonomy":"product_tag","embeddable":true,"href":"https:\/\/ycdcardgame.com\/index.php\/wp-json\/wp\/v2\/product_tag?post=19172"}],"curies":[{"name":"wp","href":"https:\/\/api.w.org\/{rel}","templated":true}]}}