{"id":19176,"date":"2026-04-21T09:23:25","date_gmt":"2026-04-21T02:23:25","guid":{"rendered":"https:\/\/ycdcardgame.com\/?post_type=product&#038;p=19176"},"modified":"2026-04-21T09:23:25","modified_gmt":"2026-04-21T02:23:25","slug":"book-of-eclipse-super-rare","status":"publish","type":"product","link":"https:\/\/ycdcardgame.com\/index.php\/san-pham\/book-of-eclipse-super-rare\/","title":{"rendered":"Book of Eclipse &#8211; Super Rare"},"content":{"rendered":"<p>Th\u1ebb B\u00e0i Yugioh Ch\u00ednh H\u00e3ng<\/p>\n<p>&nbsp;<\/p>\n<p>&nbsp;<\/p>\n<p>Book of Eclipse<\/p>\n<p>Code:\u00a0 \u00a0RA02-EN054<\/p>\n<p>Rarity: Super Rare<\/p>\n<p>&nbsp;<\/p>\n<p>H\u00e0ng Ch\u00ednh h\u00e3ng Konami<\/p>\n<p>Xu\u1ea5t x\u1ee9 : USA (TCG)<\/p>\n<p>&nbsp;<\/p>\n<p>Card shop b\u00e1n ra \u0111\u1ec1u l\u00e0 h\u00e0ng nh\u1eadp kh\u1ea9u ch\u00ednh h\u00e3ng t\u1eeb n\u01b0\u1edbc ngo\u00e0i.<\/p>\n<p>Card \u0111\u01b0\u1ee3c ki\u1ec3m tra k\u1ef9 c\u00e0ng v\u00e0 \u0111\u00f3ng g\u00f3i c\u1ea9n th\u1eadn tr\u01b0\u1edbc khi giao \u0111\u1ebfn kh\u00e1ch h\u00e0ng.<\/p>\n","protected":false},"excerpt":{"rendered":"<p>Th\u1ebb B\u00e0i Yugioh Ch\u00ednh H\u00e3ng &nbsp; &nbsp; Book of Eclipse Code:\u00a0 \u00a0RA02-EN054 Rarity: Super Rare &nbsp; H\u00e0ng Ch\u00ednh h\u00e3ng Konami<\/p>\n","protected":false},"featured_media":19161,"comment_status":"open","ping_status":"closed","template":"","meta":[],"product_brand":[],"product_cat":[130,83,100],"product_tag":[],"class_list":{"0":"post-19176","1":"product","2":"type-product","3":"status-publish","4":"has-post-thumbnail","6":"product_cat-1st-edition","7":"product_cat-spell-card","8":"product_cat-super-rare","10":"first","11":"instock","12":"sale","13":"shipping-taxable","14":"purchasable","15":"product-type-simple"},"_links":{"self":[{"href":"https:\/\/ycdcardgame.com\/index.php\/wp-json\/wp\/v2\/product\/19176","targetHints":{"allow":["GET"]}}],"collection":[{"href":"https:\/\/ycdcardgame.com\/index.php\/wp-json\/wp\/v2\/product"}],"about":[{"href":"https:\/\/ycdcardgame.com\/index.php\/wp-json\/wp\/v2\/types\/product"}],"replies":[{"embeddable":true,"href":"https:\/\/ycdcardgame.com\/index.php\/wp-json\/wp\/v2\/comments?post=19176"}],"version-history":[{"count":1,"href":"https:\/\/ycdcardgame.com\/index.php\/wp-json\/wp\/v2\/product\/19176\/revisions"}],"predecessor-version":[{"id":19177,"href":"https:\/\/ycdcardgame.com\/index.php\/wp-json\/wp\/v2\/product\/19176\/revisions\/19177"}],"wp:featuredmedia":[{"embeddable":true,"href":"https:\/\/ycdcardgame.com\/index.php\/wp-json\/wp\/v2\/media\/19161"}],"wp:attachment":[{"href":"https:\/\/ycdcardgame.com\/index.php\/wp-json\/wp\/v2\/media?parent=19176"}],"wp:term":[{"taxonomy":"product_brand","embeddable":true,"href":"https:\/\/ycdcardgame.com\/index.php\/wp-json\/wp\/v2\/product_brand?post=19176"},{"taxonomy":"product_cat","embeddable":true,"href":"https:\/\/ycdcardgame.com\/index.php\/wp-json\/wp\/v2\/product_cat?post=19176"},{"taxonomy":"product_tag","embeddable":true,"href":"https:\/\/ycdcardgame.com\/index.php\/wp-json\/wp\/v2\/product_tag?post=19176"}],"curies":[{"name":"wp","href":"https:\/\/api.w.org\/{rel}","templated":true}]}}